{"id":3,"date":"2022-06-30T22:05:57","date_gmt":"2022-06-30T20:05:57","guid":{"rendered":"https:\/\/cryoluxury.com\/?page_id=3"},"modified":"2024-12-27T09:43:11","modified_gmt":"2024-12-27T08:43:11","slug":"privacy-policy","status":"publish","type":"page","link":"https:\/\/cryoluxury.com\/it\/privacy-policy\/","title":{"rendered":"Privacy Policy"},"content":{"rendered":"\t\t<div data-elementor-type=\"wp-page\" data-elementor-id=\"3\" class=\"elementor elementor-3\" data-elementor-post-type=\"page\">\n\t\t\t\t\t\t<section class=\"elementor-section elementor-top-section elementor-element elementor-element-3a15a1bd elementor-section-boxed elementor-section-height-default elementor-section-height-default\" data-id=\"3a15a1bd\" data-element_type=\"section\" data-e-type=\"section\">\n\t\t\t\t\t\t<div class=\"elementor-container elementor-column-gap-default\">\n\t\t\t\t\t<div class=\"elementor-column elementor-col-100 elementor-top-column elementor-element elementor-element-7e9fefde\" data-id=\"7e9fefde\" data-element_type=\"column\" data-e-type=\"column\">\n\t\t\t<div class=\"elementor-widget-wrap elementor-element-populated\">\n\t\t\t\t\t\t<div class=\"elementor-element elementor-element-1d7a63c7 elementor-widget elementor-widget-text-editor\" data-id=\"1d7a63c7\" data-element_type=\"widget\" data-e-type=\"widget\" data-widget_type=\"text-editor.default\">\n\t\t\t\t<div class=\"elementor-widget-container\">\n\t\t\t\t\t\t\t\t\t<p><strong>Informativa privacy<\/strong><\/p><p>La presente informativa \u00e8 resa ai sensi dell\u2019art. 13 Regolamento UE 2016\/679 per la protezione dei dati personali. I dati trattati saranno quelli degli utenti web.<\/p><p>Il Titolare del trattamento \u00e8:<\/p><p>ICE Technology S.r.l.s.<br \/>Viale Giuseppe Mazzini, 69, 03100<br \/>info@cryoluxury.com<br \/>Partita IVA: 03129350603<\/p><p><strong>Natura del conferimento<\/strong><\/p><p>Il conferimento dei dati \u00e8 facoltativo. Il rifiuto a fornire i dati comporta l\u2019impossibilit\u00e0 di essere ricontattati per le finalit\u00e0 sotto riportate. Il conferimento a fini di marketing \u00e8 facoltativo e non comporta l\u2019impossibilit\u00e0 di essere ricontattati per le altre finalit\u00e0.<\/p><p><strong>Finalit\u00e0 del trattamento e base giuridica<\/strong><\/p><ol><li><p>esecuzione di obblighi derivanti da contratti stipulati con il Titolare e\/o adempimento, prima della conclusione del contratto, di specifiche richieste dell\u2019Interessato;<\/p><\/li><li><p>adempimento di obblighi previsti dalla legge, da regolamenti o dalla normativa comunitaria e di difesa in giudizio;<\/p><\/li><\/ol><p>In merito alle finalit\u00e0 sub a) e b), La informiamo che il trattamento e la comunicazione dei Suoi dati personali da parte del Titolare non necessita del Suo consenso in quanto trattamento necessario per l\u2019esecuzione di obblighi derivanti dal contratto stesso e\/o per l\u2019esecuzione di prestazioni da Lei richieste prima della conclusione del contratto nonch\u00e9 per ottemperare ad obblighi di legge.<\/p><p><strong>Legittimo interesse<\/strong><\/p><p>Il titolare non si avvale del legittimo interesse per il trattamento dei dati personali se non per la tutela dei propri diritti, ovvero per accertare, esercitare o difendere un diritto in sede giudiziaria.<\/p><p><strong>Modalit\u00e0 per il trattamento dei dati<\/strong><\/p><p>I dati raccolti sono trattati con strumenti informatici.<\/p><p>Idonee misure di sicurezza sono osservate per prevenire la perdita dei dati, usi illeciti o non corretti ed accessi non autorizzati.<\/p><p><strong>Chi tratta i tuoi dati<\/strong><\/p><p>I trattamenti di dati personali sono curati da personale autorizzato o da responsabili del trattamento opportunamente nominati. L\u2019elenco aggiornato dei responsabili del trattamento o di eventuali titolari autonomi pu\u00f2 essere richiesto al Titolare o al DPO.<\/p><p><strong>Trasferimento dei dati<\/strong><\/p><p>I dati saranno trasferiti all\u2019interno della UE. Alcuni dati potranno essere trasferiti negli USA a quelle societ\u00e0 che sono certificate per il Data Privacy Framework.<\/p><p><strong>Periodo di conservazione dei dati<\/strong><\/p><p>Il tempo di conservazione delle scelte dell\u2019utente riferito ai cookie \u00e8 di sei mesi come richiesto dal provvedimento.<\/p><p>Il tempo di conservazione dei cookie cambia a secondo della tipologia di appartenenza. Per i cookie di profilazione di terze parti possono essere consultati direttamente le specifiche sui relativi siti.<\/p><p>I dati personali trattati per finalit\u00e0 di contatto o economiche, saranno trattati per i tempi obbligatori previsti dalle leggi di competenza.<\/p><p><strong>Diritti degli interessati ex art 15 UE 2016\/679<\/strong><\/p><p>Gli interessati hanno il diritto di ottenere dal Titolare, nei casi previsti, l\u2019accesso ai propri dati personali e la rettifica o la cancellazione degli stessi o la limitazione del trattamento che li riguarda o di opporsi al trattamento (artt. 15 e ss. del Regolamento).\u00a0Le richieste vanno inoltrate al Titolare del trattamento ai riferimenti riportati all\u2019inizio della presente informativa.<\/p><p><strong>Diritto di reclamo<\/strong><\/p><p>Gli interessati che ritengono che il trattamento dei dati personali a loro riferiti effettuato attraverso questo sito avvenga in violazione di quanto previsto dal Regolamento hanno il diritto di proporre reclamo al Garante, come previsto dall\u2019art. 77 del Regolamento stesso, o di adire le opportune sedi giudiziarie (art. 79 del Regolamento).<\/p>\t\t\t\t\t\t\t\t<\/div>\n\t\t\t\t<\/div>\n\t\t\t\t\t<\/div>\n\t\t<\/div>\n\t\t\t\t\t<\/div>\n\t\t<\/section>\n\t\t\t\t<\/div>\n\t\t","protected":false},"excerpt":{"rendered":"<p>Informativa privacy La presente informativa \u00e8 resa ai sensi dell\u2019art. 13 Regolamento UE 2016\/679 per la protezione dei dati personali. I dati trattati saranno quelli degli utenti web. Il Titolare del trattamento \u00e8: ICE Technology S.r.l.s.Viale Giuseppe Mazzini, 69, 03100info@cryoluxury.comPartita IVA: 03129350603 Natura del conferimento Il conferimento dei dati \u00e8 facoltativo. Il rifiuto a fornire [&hellip;]<\/p>\n","protected":false},"author":1,"featured_media":0,"parent":0,"menu_order":0,"comment_status":"closed","ping_status":"open","template":"","meta":{"footnotes":""},"class_list":["post-3","page","type-page","status-publish","hentry"],"_links":{"self":[{"href":"https:\/\/cryoluxury.com\/it\/wp-json\/wp\/v2\/pages\/3","targetHints":{"allow":["GET"]}}],"collection":[{"href":"https:\/\/cryoluxury.com\/it\/wp-json\/wp\/v2\/pages"}],"about":[{"href":"https:\/\/cryoluxury.com\/it\/wp-json\/wp\/v2\/types\/page"}],"author":[{"embeddable":true,"href":"https:\/\/cryoluxury.com\/it\/wp-json\/wp\/v2\/users\/1"}],"replies":[{"embeddable":true,"href":"https:\/\/cryoluxury.com\/it\/wp-json\/wp\/v2\/comments?post=3"}],"version-history":[{"count":26,"href":"https:\/\/cryoluxury.com\/it\/wp-json\/wp\/v2\/pages\/3\/revisions"}],"predecessor-version":[{"id":2421,"href":"https:\/\/cryoluxury.com\/it\/wp-json\/wp\/v2\/pages\/3\/revisions\/2421"}],"wp:attachment":[{"href":"https:\/\/cryoluxury.com\/it\/wp-json\/wp\/v2\/media?parent=3"}],"curies":[{"name":"wp","href":"https:\/\/api.w.org\/{rel}","templated":true}]}}